{"id":17,"date":"2017-12-14T15:00:53","date_gmt":"2017-12-14T14:00:53","guid":{"rendered":"http:\/\/www.kocianovo-usti.com\/?page_id=17"},"modified":"2025-06-06T11:34:47","modified_gmt":"2025-06-06T09:34:47","slug":"povinne-skladby","status":"publish","type":"page","link":"https:\/\/www.kocianovo-usti.com\/en\/soutez\/povinne-skladby\/","title":{"rendered":"Compulsory compositions 2026"},"content":{"rendered":"<p><\/p>\n<p>1st category<br \/>\n<strong>Bohuslav Martin\u016f: Sonatina for violin and piano (1st movement)<\/strong><\/p>\n<p>2nd category<strong><br \/>\nAnton\u00edn Dvo\u0159\u00e1k: Sonatina in G Major, op. 100 (1st movement, no repeat)<\/strong><\/p>\n<p>3rd category<br \/>\n<strong>Jaroslav Kocian: Intermezzo pittoresque, op. 18, No. 2<\/strong><\/p>\n<p>4th category<br \/>\n<strong>Adam Skoumal: Variations on a Gypsy Melody for violin and piano<\/strong><\/p>\n<p>You can order the sheet music for the 4th category <a href=\"https:\/\/www.radioteka.cz\/detail\/crotyro-1006631-adam-skoumal-variace-na-cikanskou-melodii-pro-housle-nebo-violu-a-klavir\"><strong>HERE.\u00a0<\/strong><\/a><\/p>\n<hr \/>\n<p><strong>Photocopying of sheet music is illegal and using photocopies\u00a0 for public performances is a violation of copyright and commercial law of the publisher. The performers assume all liability for any legal sanctions.<\/strong><\/p>\n<hr \/>\n<p>&nbsp;<\/p>\n<h4>\u00a0<\/h4>\n<p>&nbsp;<\/p>\n<p><\/p>","protected":false},"excerpt":{"rendered":"<p>1st category Bohuslav Martin\u016f: Sonatina for violin and piano (1st movement) 2nd category Anton\u00edn Dvo\u0159\u00e1k: Sonatina in G Major, op. 100 (1st movement, no repeat) 3rd category Jaroslav Kocian: Intermezzo pittoresque, op. 18, No. 2 4th category Adam Skoumal: Variations on a Gypsy Melody for violin and piano You can order the sheet music for [&hellip;]<\/p>\n","protected":false},"author":1,"featured_media":0,"parent":4,"menu_order":13,"comment_status":"closed","ping_status":"closed","template":"","meta":{"_acf_changed":false,"footnotes":""},"class_list":["post-17","page","type-page","status-publish","hentry"],"acf":[],"jetpack_sharing_enabled":true,"jetpack_shortlink":"https:\/\/wp.me\/P9KsEQ-h","_links":{"self":[{"href":"https:\/\/www.kocianovo-usti.com\/en\/wp-json\/wp\/v2\/pages\/17","targetHints":{"allow":["GET"]}}],"collection":[{"href":"https:\/\/www.kocianovo-usti.com\/en\/wp-json\/wp\/v2\/pages"}],"about":[{"href":"https:\/\/www.kocianovo-usti.com\/en\/wp-json\/wp\/v2\/types\/page"}],"author":[{"embeddable":true,"href":"https:\/\/www.kocianovo-usti.com\/en\/wp-json\/wp\/v2\/users\/1"}],"replies":[{"embeddable":true,"href":"https:\/\/www.kocianovo-usti.com\/en\/wp-json\/wp\/v2\/comments?post=17"}],"version-history":[{"count":48,"href":"https:\/\/www.kocianovo-usti.com\/en\/wp-json\/wp\/v2\/pages\/17\/revisions"}],"predecessor-version":[{"id":7537,"href":"https:\/\/www.kocianovo-usti.com\/en\/wp-json\/wp\/v2\/pages\/17\/revisions\/7537"}],"up":[{"embeddable":true,"href":"https:\/\/www.kocianovo-usti.com\/en\/wp-json\/wp\/v2\/pages\/4"}],"wp:attachment":[{"href":"https:\/\/www.kocianovo-usti.com\/en\/wp-json\/wp\/v2\/media?parent=17"}],"curies":[{"name":"wp","href":"https:\/\/api.w.org\/{rel}","templated":true}]}}