{"id":21,"date":"2017-12-14T15:01:28","date_gmt":"2017-12-14T14:01:28","guid":{"rendered":"http:\/\/www.kocianovo-usti.com\/?page_id=21"},"modified":"2025-12-29T21:58:20","modified_gmt":"2025-12-29T20:58:20","slug":"vyhlaseni-souteze","status":"publish","type":"page","link":"https:\/\/www.kocianovo-usti.com\/en\/soutez\/o-soutezi\/vyhlaseni-souteze\/","title":{"rendered":"Announcement 2026"},"content":{"rendered":"<p><\/p>\n<p>The town of \u00dast\u00ed nad Orlic\u00ed announces the 68th Kocian Violin Competition, which will take place in person from 5 to 9 May 2026 in \u00dast\u00ed nad Orlic\u00ed.<\/p>\n<p>More information in the Organization Rules of the Competition.<\/p>\n<p align=\"LEFT\"><span lang=\"en-US\"><strong>Contact:<\/strong> <br \/>\n<\/span>Klubcentrum <br \/>\nLochmanova 1400 <br \/>\n562 01 \u00dast\u00ed nad Orlic\u00ed<\/p>\n<p><strong>Mr. Tom\u00e1\u0161 Fiedler<\/strong> <br \/>\ncompetition secretary<br \/>\n+420 736 413 530<br \/>\n<a href=\"mailto:fiedler@klubcentrum.cz\">fiedler@klubcentrum.cz<\/a> <br \/>\n<a href=\"http:\/\/www.kocianovo-usti.com\">www.kocianovo-usti.com<\/a><\/p>\n<p align=\"JUSTIFY\">Jaroslav Kocian Music school <br \/>\nSmetanova 1500 <br \/>\n562 01 \u00dast\u00ed nad Orlic\u00ed<\/p>\n<p align=\"LEFT\"><strong>Mrs. Lenka Lipensk\u00e1<\/strong><br \/>\ncompetition director<br \/>\n<a href=\"mailto:info@kocianovo-usti.com\">info@kocianovo-usti.com<\/a><\/p>\n<p class=\"western\">\u00a0<\/p>\n<p>&nbsp;<\/p>\n<p>&nbsp;<\/p>\n<p><\/p>","protected":false},"excerpt":{"rendered":"<p>The town of \u00dast\u00ed nad Orlic\u00ed announces the 68th Kocian Violin Competition, which will take place in person from 5 to 9 May 2026 in \u00dast\u00ed nad Orlic\u00ed. More information in the Organization Rules of the Competition. Contact: Klubcentrum Lochmanova 1400 562 01 \u00dast\u00ed nad Orlic\u00ed Mr. Tom\u00e1\u0161 Fiedler competition secretary +420 736 413 530 [&hellip;]<\/p>\n","protected":false},"author":1,"featured_media":0,"parent":8,"menu_order":8,"comment_status":"closed","ping_status":"closed","template":"","meta":{"_acf_changed":false,"footnotes":""},"class_list":["post-21","page","type-page","status-publish","hentry"],"acf":[],"jetpack_sharing_enabled":true,"jetpack_shortlink":"https:\/\/wp.me\/P9KsEQ-l","_links":{"self":[{"href":"https:\/\/www.kocianovo-usti.com\/en\/wp-json\/wp\/v2\/pages\/21","targetHints":{"allow":["GET"]}}],"collection":[{"href":"https:\/\/www.kocianovo-usti.com\/en\/wp-json\/wp\/v2\/pages"}],"about":[{"href":"https:\/\/www.kocianovo-usti.com\/en\/wp-json\/wp\/v2\/types\/page"}],"author":[{"embeddable":true,"href":"https:\/\/www.kocianovo-usti.com\/en\/wp-json\/wp\/v2\/users\/1"}],"replies":[{"embeddable":true,"href":"https:\/\/www.kocianovo-usti.com\/en\/wp-json\/wp\/v2\/comments?post=21"}],"version-history":[{"count":70,"href":"https:\/\/www.kocianovo-usti.com\/en\/wp-json\/wp\/v2\/pages\/21\/revisions"}],"predecessor-version":[{"id":7611,"href":"https:\/\/www.kocianovo-usti.com\/en\/wp-json\/wp\/v2\/pages\/21\/revisions\/7611"}],"up":[{"embeddable":true,"href":"https:\/\/www.kocianovo-usti.com\/en\/wp-json\/wp\/v2\/pages\/8"}],"wp:attachment":[{"href":"https:\/\/www.kocianovo-usti.com\/en\/wp-json\/wp\/v2\/media?parent=21"}],"curies":[{"name":"wp","href":"https:\/\/api.w.org\/{rel}","templated":true}]}}