{"id":218,"date":"2018-01-16T15:08:32","date_gmt":"2018-01-16T14:08:32","guid":{"rendered":"http:\/\/www.kocianovo-usti.com\/?page_id=218"},"modified":"2026-04-24T14:19:43","modified_gmt":"2026-04-24T12:19:43","slug":"sponzori","status":"publish","type":"page","link":"https:\/\/www.kocianovo-usti.com\/en\/soutez\/sponzori\/","title":{"rendered":"Partners"},"content":{"rendered":"<p><\/p>\n<p style=\"text-align: center;\"><strong>Vyhla\u0161ovatel a titul\u00e1rn\u00ed sponzor sout\u011b\u017ee<\/strong><\/p>\n<p style=\"text-align: center;\"><strong>\u00a0 \u00a0 \u00a0 \u00a0 \u00a0 \u00a0<\/strong><strong>\u00a0 \u00a0<\/strong><strong>\u00a0 \u00a0 \u00a0 \u00a0 \u00a0 \u00a0 \u00a0 \u00a0\u00a0<\/strong><strong>\u00a0\u00a0 \u00a0 \u00a0 \u00a0 \u00a0 \u00a0 \u00a0<\/strong><strong>\u00a0 \u00a0 \u00a0 \u00a0 <\/strong><a href=\"https:\/\/www.ustinadorlici.cz\/cs\/\"><strong><img loading=\"lazy\" decoding=\"async\" class=\"wp-image-5663 aligncenter\" src=\"http:\/\/www.kocianovo-usti.com\/wp-content\/uploads\/2024\/04\/ou-mesto_usti_nad_orlici.jpg\" alt=\"\" width=\"581\" height=\"60\" srcset=\"https:\/\/www.kocianovo-usti.com\/wp-content\/uploads\/2024\/04\/ou-mesto_usti_nad_orlici.jpg 1965w, https:\/\/www.kocianovo-usti.com\/wp-content\/uploads\/2024\/04\/ou-mesto_usti_nad_orlici-300x31.jpg 300w, https:\/\/www.kocianovo-usti.com\/wp-content\/uploads\/2024\/04\/ou-mesto_usti_nad_orlici-1024x106.jpg 1024w, https:\/\/www.kocianovo-usti.com\/wp-content\/uploads\/2024\/04\/ou-mesto_usti_nad_orlici-768x79.jpg 768w, https:\/\/www.kocianovo-usti.com\/wp-content\/uploads\/2024\/04\/ou-mesto_usti_nad_orlici-1536x159.jpg 1536w\" sizes=\"auto, (max-width: 581px) 100vw, 581px\" \/><\/strong><\/a><\/p>\n<p style=\"text-align: center;\"><strong>\u00a0 \u00a0 \u00a0 \u00a0 \u00a0 \u00a0 \u00a0 \u00a0 \u00a0 \u00a0 \u00a0 \u00a0 \u00a0 \u00a0 \u00a0 \u00a0 \u00a0 \u00a0 \u00a0 \u00a0 \u00a0 \u00a0 \u00a0 \u00a0 \u00a0 \u00a0 \u00a0 \u00a0 \u00a0 \u00a0 \u00a0 \u00a0 Gener\u00e1ln\u00ed partner\u00a0 \u00a0 \u00a0 \u00a0 \u00a0 \u00a0 \u00a0 \u00a0 \u00a0 \u00a0 \u00a0 \u00a0 \u00a0 \u00a0 \u00a0 \u00a0 \u00a0 \u00a0 \u00a0 \u00a0 \u00a0 \u00a0 \u00a0 \u00a0 \u00a0 \u00a0 \u00a0 \u00a0 \u00a0 \u00a0 \u00a0 \u00a0<\/strong><\/p>\n<p style=\"text-align: center;\"><strong><a href=\"https:\/\/www.rieter.cz\/\"><img loading=\"lazy\" decoding=\"async\" class=\"aligncenter wp-image-726\" src=\"http:\/\/www.kocianovo-usti.com\/wp-content\/uploads\/2018\/02\/rieter.jpg\" alt=\"\" width=\"299\" height=\"118\" srcset=\"https:\/\/www.kocianovo-usti.com\/wp-content\/uploads\/2018\/02\/rieter.jpg 1002w, https:\/\/www.kocianovo-usti.com\/wp-content\/uploads\/2018\/02\/rieter-300x119.jpg 300w, https:\/\/www.kocianovo-usti.com\/wp-content\/uploads\/2018\/02\/rieter-768x304.jpg 768w\" sizes=\"auto, (max-width: 299px) 100vw, 299px\" \/><\/a><\/strong><\/p>\n<p style=\"text-align: center;\"><strong>Hlavn\u00ed partner<\/strong><\/p>\n<p style=\"text-align: center;\"><strong><img loading=\"lazy\" decoding=\"async\" class=\"wp-image-1794 aligncenter\" src=\"http:\/\/www.kocianovo-usti.com\/wp-content\/uploads\/2019\/01\/logo_nadace-MJK_1-212x300.jpg\" alt=\"\" width=\"140\" height=\"198\" srcset=\"https:\/\/www.kocianovo-usti.com\/wp-content\/uploads\/2019\/01\/logo_nadace-MJK_1-212x300.jpg 212w, https:\/\/www.kocianovo-usti.com\/wp-content\/uploads\/2019\/01\/logo_nadace-MJK_1-724x1024.jpg 724w, https:\/\/www.kocianovo-usti.com\/wp-content\/uploads\/2019\/01\/logo_nadace-MJK_1-768x1086.jpg 768w, https:\/\/www.kocianovo-usti.com\/wp-content\/uploads\/2019\/01\/logo_nadace-MJK_1-1086x1536.jpg 1086w, https:\/\/www.kocianovo-usti.com\/wp-content\/uploads\/2019\/01\/logo_nadace-MJK_1.jpg 1240w\" sizes=\"auto, (max-width: 140px) 100vw, 140px\" \/><\/strong><\/p>\n<p style=\"text-align: center;\"><strong>V\u00fdznamn\u00ed partne\u0159i\u00a0<\/strong><\/p>\n<p style=\"text-align: center;\"><strong><a href=\"https:\/\/www.mk.gov.cz\/\"><img loading=\"lazy\" decoding=\"async\" class=\"alignnone wp-image-711\" src=\"http:\/\/www.kocianovo-usti.com\/wp-content\/uploads\/2018\/02\/bar.ces_.poz_-300x92.jpg\" alt=\"\" width=\"160\" height=\"49\" srcset=\"https:\/\/www.kocianovo-usti.com\/wp-content\/uploads\/2018\/02\/bar.ces_.poz_-300x92.jpg 300w, https:\/\/www.kocianovo-usti.com\/wp-content\/uploads\/2018\/02\/bar.ces_.poz_-768x236.jpg 768w, https:\/\/www.kocianovo-usti.com\/wp-content\/uploads\/2018\/02\/bar.ces_.poz_.jpg 979w\" sizes=\"auto, (max-width: 160px) 100vw, 160px\" \/><\/a><a href=\"https:\/\/www.pavelsporcl.cz\/\"><img loading=\"lazy\" decoding=\"async\" class=\"alignnone wp-image-788\" src=\"http:\/\/www.kocianovo-usti.com\/wp-content\/uploads\/2018\/02\/Pardubick\u00fd-kraj-300x236.jpg\" alt=\"\" width=\"103\" height=\"81\" srcset=\"https:\/\/www.kocianovo-usti.com\/wp-content\/uploads\/2018\/02\/Pardubick\u00fd-kraj-300x236.jpg 300w, https:\/\/www.kocianovo-usti.com\/wp-content\/uploads\/2018\/02\/Pardubick\u00fd-kraj-1024x804.jpg 1024w, https:\/\/www.kocianovo-usti.com\/wp-content\/uploads\/2018\/02\/Pardubick\u00fd-kraj-768x603.jpg 768w, https:\/\/www.kocianovo-usti.com\/wp-content\/uploads\/2018\/02\/Pardubick\u00fd-kraj-1536x1206.jpg 1536w, https:\/\/www.kocianovo-usti.com\/wp-content\/uploads\/2018\/02\/Pardubick\u00fd-kraj.jpg 1654w\" sizes=\"auto, (max-width: 103px) 100vw, 103px\" \/><\/a><a href=\"https:\/\/www.warchal.com\/\"><img loading=\"lazy\" decoding=\"async\" class=\"wp-image-1727 alignnone\" src=\"http:\/\/www.kocianovo-usti.com\/wp-content\/uploads\/2018\/08\/\u010cechovi-300x241.jpg\" alt=\"\" width=\"108\" height=\"86\" srcset=\"https:\/\/www.kocianovo-usti.com\/wp-content\/uploads\/2018\/08\/\u010cechovi-300x241.jpg 300w, https:\/\/www.kocianovo-usti.com\/wp-content\/uploads\/2018\/08\/\u010cechovi-768x617.jpg 768w, https:\/\/www.kocianovo-usti.com\/wp-content\/uploads\/2018\/08\/\u010cechovi.jpg 827w\" sizes=\"auto, (max-width: 108px) 100vw, 108px\" \/><img loading=\"lazy\" decoding=\"async\" class=\"alignnone wp-image-6904\" src=\"http:\/\/www.kocianovo-usti.com\/wp-content\/uploads\/2025\/03\/Warchal-nove_page-0001.jpg\" alt=\"\" width=\"228\" height=\"60\" srcset=\"https:\/\/www.kocianovo-usti.com\/wp-content\/uploads\/2025\/03\/Warchal-nove_page-0001.jpg 2321w, https:\/\/www.kocianovo-usti.com\/wp-content\/uploads\/2025\/03\/Warchal-nove_page-0001-300x79.jpg 300w, https:\/\/www.kocianovo-usti.com\/wp-content\/uploads\/2025\/03\/Warchal-nove_page-0001-1024x269.jpg 1024w, https:\/\/www.kocianovo-usti.com\/wp-content\/uploads\/2025\/03\/Warchal-nove_page-0001-768x202.jpg 768w, https:\/\/www.kocianovo-usti.com\/wp-content\/uploads\/2025\/03\/Warchal-nove_page-0001-1536x403.jpg 1536w, https:\/\/www.kocianovo-usti.com\/wp-content\/uploads\/2025\/03\/Warchal-nove_page-0001-2048x537.jpg 2048w\" sizes=\"auto, (max-width: 228px) 100vw, 228px\" \/><\/a><a href=\"https:\/\/ktuo.cz\/\"><img loading=\"lazy\" decoding=\"async\" class=\"alignnone wp-image-2973\" src=\"http:\/\/www.kocianovo-usti.com\/wp-content\/uploads\/2021\/03\/logo_nasenoty_300-300x78.jpg\" alt=\"\" width=\"158\" height=\"41\" srcset=\"https:\/\/www.kocianovo-usti.com\/wp-content\/uploads\/2021\/03\/logo_nasenoty_300-300x78.jpg 300w, https:\/\/www.kocianovo-usti.com\/wp-content\/uploads\/2021\/03\/logo_nasenoty_300-1024x268.jpg 1024w, https:\/\/www.kocianovo-usti.com\/wp-content\/uploads\/2021\/03\/logo_nasenoty_300-768x201.jpg 768w, https:\/\/www.kocianovo-usti.com\/wp-content\/uploads\/2021\/03\/logo_nasenoty_300-1536x401.jpg 1536w, https:\/\/www.kocianovo-usti.com\/wp-content\/uploads\/2021\/03\/logo_nasenoty_300-1600x400.jpg 1600w, https:\/\/www.kocianovo-usti.com\/wp-content\/uploads\/2021\/03\/logo_nasenoty_300.jpg 1944w\" sizes=\"auto, (max-width: 158px) 100vw, 158px\" \/><img loading=\"lazy\" decoding=\"async\" class=\"alignnone wp-image-5635\" src=\"http:\/\/www.kocianovo-usti.com\/wp-content\/uploads\/2024\/04\/ktuo.png\" alt=\"\" width=\"82\" height=\"80\" srcset=\"https:\/\/www.kocianovo-usti.com\/wp-content\/uploads\/2024\/04\/ktuo.png 639w, https:\/\/www.kocianovo-usti.com\/wp-content\/uploads\/2024\/04\/ktuo-300x292.png 300w\" sizes=\"auto, (max-width: 82px) 100vw, 82px\" \/><\/a><a href=\"https:\/\/www.moldex-europe.com\/cz\/\"><img loading=\"lazy\" decoding=\"async\" class=\"alignnone wp-image-441\" src=\"http:\/\/www.kocianovo-usti.com\/wp-content\/uploads\/2018\/01\/20moldex.jpg\" alt=\"\" width=\"130\" height=\"53\" \/><\/a><img loading=\"lazy\" decoding=\"async\" class=\"alignnone wp-image-3034\" src=\"http:\/\/www.kocianovo-usti.com\/wp-content\/uploads\/2021\/04\/ceska_nadace_2000_logo_1-300x110.jpg\" alt=\"\" width=\"131\" height=\"47\" srcset=\"https:\/\/www.kocianovo-usti.com\/wp-content\/uploads\/2021\/04\/ceska_nadace_2000_logo_1-300x110.jpg 300w, https:\/\/www.kocianovo-usti.com\/wp-content\/uploads\/2021\/04\/ceska_nadace_2000_logo_1-768x283.jpg 768w, https:\/\/www.kocianovo-usti.com\/wp-content\/uploads\/2021\/04\/ceska_nadace_2000_logo_1.jpg 886w\" sizes=\"auto, (max-width: 131px) 100vw, 131px\" \/><a href=\"https:\/\/www.nchf.cz\/\"><img loading=\"lazy\" decoding=\"async\" class=\"alignnone wp-image-794\" src=\"http:\/\/www.kocianovo-usti.com\/wp-content\/uploads\/2018\/02\/Logo_nchf-276x300.jpg\" alt=\"\" width=\"78\" height=\"85\" srcset=\"https:\/\/www.kocianovo-usti.com\/wp-content\/uploads\/2018\/02\/Logo_nchf-276x300.jpg 276w, https:\/\/www.kocianovo-usti.com\/wp-content\/uploads\/2018\/02\/Logo_nchf.jpg 379w\" sizes=\"auto, (max-width: 78px) 100vw, 78px\" \/><\/a><\/strong><a href=\"https:\/\/smetanovalitomysl.cz\/\">\u00a0<\/a><a href=\"https:\/\/smetanovalitomysl.cz\/\"><img loading=\"lazy\" decoding=\"async\" class=\"alignnone wp-image-5653\" src=\"http:\/\/www.kocianovo-usti.com\/wp-content\/uploads\/2024\/04\/str.-65-7-.-Barenreiter.jpg\" alt=\"\" width=\"169\" height=\"41\" srcset=\"https:\/\/www.kocianovo-usti.com\/wp-content\/uploads\/2024\/04\/str.-65-7-.-Barenreiter.jpg 660w, https:\/\/www.kocianovo-usti.com\/wp-content\/uploads\/2024\/04\/str.-65-7-.-Barenreiter-300x73.jpg 300w\" sizes=\"auto, (max-width: 169px) 100vw, 169px\" \/><img loading=\"lazy\" decoding=\"async\" class=\"alignnone wp-image-5656\" src=\"http:\/\/www.kocianovo-usti.com\/wp-content\/uploads\/2024\/04\/LOGO-SL-STRED_page-0001.jpg\" alt=\"\" width=\"94\" height=\"56\" srcset=\"https:\/\/www.kocianovo-usti.com\/wp-content\/uploads\/2024\/04\/LOGO-SL-STRED_page-0001.jpg 1255w, https:\/\/www.kocianovo-usti.com\/wp-content\/uploads\/2024\/04\/LOGO-SL-STRED_page-0001-300x177.jpg 300w, https:\/\/www.kocianovo-usti.com\/wp-content\/uploads\/2024\/04\/LOGO-SL-STRED_page-0001-1024x605.jpg 1024w, https:\/\/www.kocianovo-usti.com\/wp-content\/uploads\/2024\/04\/LOGO-SL-STRED_page-0001-768x454.jpg 768w\" sizes=\"auto, (max-width: 94px) 100vw, 94px\" \/><\/a><a href=\"https:\/\/www.knihykazda.cz\/\"><img loading=\"lazy\" decoding=\"async\" class=\"alignnone wp-image-5673\" src=\"http:\/\/www.kocianovo-usti.com\/wp-content\/uploads\/2024\/04\/logo1.png\" alt=\"\" width=\"167\" height=\"52\" srcset=\"https:\/\/www.kocianovo-usti.com\/wp-content\/uploads\/2024\/04\/logo1.png 723w, https:\/\/www.kocianovo-usti.com\/wp-content\/uploads\/2024\/04\/logo1-300x93.png 300w\" sizes=\"auto, (max-width: 167px) 100vw, 167px\" \/><img loading=\"lazy\" decoding=\"async\" class=\"alignnone  wp-image-7538\" src=\"http:\/\/www.kocianovo-usti.com\/wp-content\/uploads\/2025\/06\/Vydavatelstvi_a_nakladatelstvi_V_BLACK.png\" alt=\"\" width=\"104\" height=\"69\" srcset=\"https:\/\/www.kocianovo-usti.com\/wp-content\/uploads\/2025\/06\/Vydavatelstvi_a_nakladatelstvi_V_BLACK.png 777w, https:\/\/www.kocianovo-usti.com\/wp-content\/uploads\/2025\/06\/Vydavatelstvi_a_nakladatelstvi_V_BLACK-300x199.png 300w, https:\/\/www.kocianovo-usti.com\/wp-content\/uploads\/2025\/06\/Vydavatelstvi_a_nakladatelstvi_V_BLACK-768x510.png 768w\" sizes=\"auto, (max-width: 104px) 100vw, 104px\" \/><\/a><a href=\"https:\/\/www.radioteka.cz\/sekce\/cronoty\"><img loading=\"lazy\" decoding=\"async\" class=\"alignnone  wp-image-7630\" src=\"http:\/\/www.kocianovo-usti.com\/wp-content\/uploads\/2026\/02\/Logo_Kurzy_Litomysl_page-0001.jpg\" alt=\"\" width=\"132\" height=\"132\" srcset=\"https:\/\/www.kocianovo-usti.com\/wp-content\/uploads\/2026\/02\/Logo_Kurzy_Litomysl_page-0001.jpg 945w, https:\/\/www.kocianovo-usti.com\/wp-content\/uploads\/2026\/02\/Logo_Kurzy_Litomysl_page-0001-300x300.jpg 300w, https:\/\/www.kocianovo-usti.com\/wp-content\/uploads\/2026\/02\/Logo_Kurzy_Litomysl_page-0001-150x150.jpg 150w, https:\/\/www.kocianovo-usti.com\/wp-content\/uploads\/2026\/02\/Logo_Kurzy_Litomysl_page-0001-768x768.jpg 768w, https:\/\/www.kocianovo-usti.com\/wp-content\/uploads\/2026\/02\/Logo_Kurzy_Litomysl_page-0001-100x100.jpg 100w\" sizes=\"auto, (max-width: 132px) 100vw, 132px\" \/><\/a><strong><a href=\"https:\/\/www.chn.cz\/\" target=\"_blank\" rel=\"noopener\"><img loading=\"lazy\" decoding=\"async\" class=\"alignnone  wp-image-7708\" src=\"http:\/\/www.kocianovo-usti.com\/wp-content\/uploads\/2026\/03\/logo_chn-01-2.png\" alt=\"\" width=\"215\" height=\"66\" srcset=\"https:\/\/www.kocianovo-usti.com\/wp-content\/uploads\/2026\/03\/logo_chn-01-2.png 910w, https:\/\/www.kocianovo-usti.com\/wp-content\/uploads\/2026\/03\/logo_chn-01-2-300x92.png 300w, https:\/\/www.kocianovo-usti.com\/wp-content\/uploads\/2026\/03\/logo_chn-01-2-768x236.png 768w\" sizes=\"auto, (max-width: 215px) 100vw, 215px\" \/><\/a><\/strong><\/p>\n<p style=\"text-align: center;\"><strong>Po\u0159adatel\u00e9<\/strong><\/p>\n<p style=\"text-align: center;\"><strong><a href=\"https:\/\/zusuo.cz\/\"><img loading=\"lazy\" decoding=\"async\" class=\"alignnone wp-image-1790\" src=\"http:\/\/www.kocianovo-usti.com\/wp-content\/uploads\/2019\/01\/KC-UO-2018-pr\u016fhledn\u00e9-300x54.png\" alt=\"\" width=\"161\" height=\"29\" srcset=\"https:\/\/www.kocianovo-usti.com\/wp-content\/uploads\/2019\/01\/KC-UO-2018-pr\u016fhledn\u00e9-300x54.png 300w, https:\/\/www.kocianovo-usti.com\/wp-content\/uploads\/2019\/01\/KC-UO-2018-pr\u016fhledn\u00e9-1024x184.png 1024w, https:\/\/www.kocianovo-usti.com\/wp-content\/uploads\/2019\/01\/KC-UO-2018-pr\u016fhledn\u00e9-768x138.png 768w, https:\/\/www.kocianovo-usti.com\/wp-content\/uploads\/2019\/01\/KC-UO-2018-pr\u016fhledn\u00e9-1536x276.png 1536w, https:\/\/www.kocianovo-usti.com\/wp-content\/uploads\/2019\/01\/KC-UO-2018-pr\u016fhledn\u00e9-2048x368.png 2048w\" sizes=\"auto, (max-width: 161px) 100vw, 161px\" \/><img loading=\"lazy\" decoding=\"async\" class=\"alignnone wp-image-5639\" src=\"http:\/\/www.kocianovo-usti.com\/wp-content\/uploads\/2024\/04\/4.-ZUS.png\" alt=\"\" width=\"60\" height=\"72\" srcset=\"https:\/\/www.kocianovo-usti.com\/wp-content\/uploads\/2024\/04\/4.-ZUS.png 858w, https:\/\/www.kocianovo-usti.com\/wp-content\/uploads\/2024\/04\/4.-ZUS-251x300.png 251w, https:\/\/www.kocianovo-usti.com\/wp-content\/uploads\/2024\/04\/4.-ZUS-768x917.png 768w\" sizes=\"auto, (max-width: 60px) 100vw, 60px\" \/><\/a><\/strong><\/p>\n<p style=\"text-align: center;\"><strong>Medi\u00e1ln\u00ed partne\u0159i<\/strong><\/p>\n<p style=\"text-align: center;\"><strong><a href=\"https:\/\/hradec.rozhlas.cz\/\"><img loading=\"lazy\" decoding=\"async\" class=\"alignnone wp-image-5642\" src=\"http:\/\/www.kocianovo-usti.com\/wp-content\/uploads\/2024\/04\/CRo-HK1.png\" alt=\"\" width=\"216\" height=\"72\" srcset=\"https:\/\/www.kocianovo-usti.com\/wp-content\/uploads\/2024\/04\/CRo-HK1.png 900w, https:\/\/www.kocianovo-usti.com\/wp-content\/uploads\/2024\/04\/CRo-HK1-300x100.png 300w, https:\/\/www.kocianovo-usti.com\/wp-content\/uploads\/2024\/04\/CRo-HK1-768x256.png 768w\" sizes=\"auto, (max-width: 216px) 100vw, 216px\" \/><\/a> <a href=\"https:\/\/pardubice.rozhlas.cz\/\"><img loading=\"lazy\" decoding=\"async\" class=\"alignnone wp-image-5643\" src=\"http:\/\/www.kocianovo-usti.com\/wp-content\/uploads\/2024\/04\/CRo-Pardubice-Z-CMYK.jpg\" alt=\"\" width=\"158\" height=\"68\" srcset=\"https:\/\/www.kocianovo-usti.com\/wp-content\/uploads\/2024\/04\/CRo-Pardubice-Z-CMYK.jpg 1145w, https:\/\/www.kocianovo-usti.com\/wp-content\/uploads\/2024\/04\/CRo-Pardubice-Z-CMYK-300x129.jpg 300w, https:\/\/www.kocianovo-usti.com\/wp-content\/uploads\/2024\/04\/CRo-Pardubice-Z-CMYK-1024x441.jpg 1024w, https:\/\/www.kocianovo-usti.com\/wp-content\/uploads\/2024\/04\/CRo-Pardubice-Z-CMYK-768x331.jpg 768w\" sizes=\"auto, (max-width: 158px) 100vw, 158px\" \/><\/a> <a href=\"https:\/\/www.proglas.cz\/podporit-proglas\/cykly\/?gad_source=1&amp;gclid=Cj0KCQjwlZixBhCoARIsAIC745CiHB0vN0TMnh-gfhmePYecFelLF5OaV_8-XnswJxo5-SETB8-_YPgaAvDqEALw_wcB\"><img loading=\"lazy\" decoding=\"async\" class=\"alignnone wp-image-5649\" src=\"http:\/\/www.kocianovo-usti.com\/wp-content\/uploads\/2024\/04\/Proglass-1.png\" alt=\"\" width=\"99\" height=\"66\" \/><\/a><a href=\"https:\/\/www.klasikaplus.cz\/\"><img loading=\"lazy\" decoding=\"async\" class=\"alignnone wp-image-397\" src=\"http:\/\/www.kocianovo-usti.com\/wp-content\/uploads\/2018\/01\/oik.jpg\" alt=\"\" width=\"127\" height=\"46\" \/><\/a><a href=\"https:\/\/www.klasikaplus.cz\/\"><img loading=\"lazy\" decoding=\"async\" class=\"alignnone wp-image-7691\" src=\"http:\/\/www.kocianovo-usti.com\/wp-content\/uploads\/2026\/03\/klasika-plus-logo_page-0001-1.jpg\" alt=\"\" width=\"136\" height=\"63\" srcset=\"https:\/\/www.kocianovo-usti.com\/wp-content\/uploads\/2026\/03\/klasika-plus-logo_page-0001-1.jpg 1503w, https:\/\/www.kocianovo-usti.com\/wp-content\/uploads\/2026\/03\/klasika-plus-logo_page-0001-1-300x139.jpg 300w, https:\/\/www.kocianovo-usti.com\/wp-content\/uploads\/2026\/03\/klasika-plus-logo_page-0001-1-1024x474.jpg 1024w, https:\/\/www.kocianovo-usti.com\/wp-content\/uploads\/2026\/03\/klasika-plus-logo_page-0001-1-768x355.jpg 768w\" sizes=\"auto, (max-width: 136px) 100vw, 136px\" \/><\/a><\/strong><\/p>\n<p style=\"text-align: center;\"><img loading=\"lazy\" decoding=\"async\" class=\"alignnone size-medium wp-image-1220\" src=\"http:\/\/www.kocianovo-usti.com\/wp-content\/uploads\/2018\/04\/Cech_houslarstvi_logo.tif\" alt=\"\" width=\"1\" height=\"1\" \/>\u00a0 \u00a0\u00a0<\/p>\n<p style=\"text-align: center;\"><strong>Sout\u011b\u017e podporuj\u00ed:<\/strong><\/p>\n<p style=\"text-align: center;\">M\u011bsto \u00dast\u00ed nad Orlic\u00ed<\/p>\n<p style=\"text-align: center;\">Nada\u010dn\u00ed fond Mistra Jaroslava Kociana<\/p>\n<p style=\"text-align: center;\">Rieter CZ s.r.o.<\/p>\n<p style=\"text-align: center;\">Ministerstvo kultury \u010cR<\/p>\n<p style=\"text-align: center;\">Pardubick\u00fd kraj<\/p>\n<p style=\"text-align: center;\">Kinsk\u00fd Art Media<\/p>\n<p style=\"text-align: center;\">Smetanova Litomy\u0161l<\/p>\n<p style=\"text-align: center;\">Ministerstvo \u0161kolstv\u00ed, ml\u00e1de\u017ee a t\u011blov\u00fdchovy \u010cR<\/p>\n<p style=\"text-align: center;\">Mistr housla\u0159 Vladim\u00edr \u010cech<\/p>\n<p style=\"text-align: center;\">B\u00e4renreiter Praha s.r.o.<\/p>\n<p style=\"text-align: center;\">Warchal s.r.o. Borinka Slovensko<\/p>\n<p style=\"text-align: center;\">\u010cesk\u00e1 Nadace 2000<\/p>\n<p style=\"text-align: center;\">Nadace \u010cesk\u00fd hudebn\u00ed fond<\/p>\n<p style=\"text-align: center;\">\u010cesk\u00e9 hudebn\u00ed n\u00e1stroje spol. s\u00a0r.o.<\/p>\n<p style=\"text-align: center;\">Hudebn\u00ed festival Znojmo<\/p>\n<p style=\"text-align: center;\">\u010cesk\u00fd rozhlas<\/p>\n<p style=\"text-align: center;\">Radio Proglas<\/p>\n<p style=\"text-align: center;\">RADIO ORLICKO<\/p>\n<p style=\"text-align: center;\">OIK TV s. r. o.<\/p>\n<p style=\"text-align: center;\">Moldex\/Metric v.o.s.<\/p>\n<p style=\"text-align: center;\">Zahradnictv\u00ed \u0160\u0165astn\u00fd spol. s r. o.<\/p>\n<p style=\"text-align: center;\">MUDr. Jan Skot\u00e1lek<\/p>\n<p style=\"text-align: center;\">Kabelov\u00e1 televize \u00dast\u00ed nad Orlic\u00ed, spol. s r. o.<\/p>\n<p style=\"text-align: center;\">SILVITA, s.r.o.<\/p>\n<p style=\"text-align: center;\">Mgr. V\u00edt \u017di\u017eka<\/p>\n<p style=\"text-align: center;\">VMK CZ Automation a.s.<\/p>\n<p style=\"text-align: center;\">Josef \u0160krko\u0148 &#8211; Techplast, a.s.<\/p>\n<p style=\"text-align: center;\">PRAKTIK UNO s.r.o. MUDr. Mark\u00e9ta \u0160moldasov\u00e1<\/p>\n<p style=\"text-align: center;\">MUDr. Jarmila Jan\u00e1kov\u00e1<\/p>\n<p style=\"text-align: center;\">Projek\u010dn\u00ed kancel\u00e1\u0159 \u017di\u017ekov s.r.o.<\/p>\n<p style=\"text-align: center;\">HaS Lan\u0161kroun s.r.o.<\/p>\n<p style=\"text-align: center;\">Advantech Czech s.r.o.<\/p>\n<p style=\"text-align: center;\">Hude\u010dek s.r.o.<\/p>\n<p style=\"text-align: center;\">EWE, s.r.o.<\/p>\n<p style=\"text-align: center;\">Advok\u00e1tn\u00ed kancel\u00e1\u0159 Ma\u010dka &amp; Novotn\u00e1, v.o.s.<\/p>\n<p style=\"text-align: center;\">MUDr. Miriam Toppischov\u00e1<\/p>\n<p style=\"text-align: center;\">MUDr. Michaela L\u00e1nov\u00e1<\/p>\n<p style=\"text-align: center;\">MUDr. Mykhailo Marchenko<\/p>\n<p style=\"text-align: center;\">Mgr. Jana Filipov\u00e1<\/p>\n<p style=\"text-align: center;\">ISS Computers, s.r.o.<\/p>\n<p style=\"text-align: center;\">L D M , spol. s r. o.<\/p>\n<p style=\"text-align: center;\">Nicole Van Gils, honor\u00e1ln\u00ed konzulka Belgie v \u010cR<\/p>\n<p style=\"text-align: center;\">Rosalind Miranda<\/p>\n<p style=\"text-align: center;\">Housla\u0159sk\u00fd ateli\u00e9r P\u00f6tzl Karlovy Vary<\/p>\n<p style=\"text-align: center;\">Tom\u00e1\u0161 Pila\u0159 &#8211; Ateli\u00e9r housla\u0159\u016f Hradec Kr\u00e1lov\u00e9<\/p>\n<p style=\"text-align: center;\">Sefir s.r.o. V\u00daB a.s.<\/p>\n<p style=\"text-align: center;\">Mgr. Jana Kaplov\u00e1<\/p>\n<p style=\"text-align: center;\">MUDr. Ladislav Skalick\u00fd<\/p>\n<p style=\"text-align: center;\">MUDr. Josef \u017di\u017eka<\/p>\n<p style=\"text-align: center;\">MUDr. Jana R\u00e1\u010dkov\u00e1<\/p>\n<p style=\"text-align: center;\">MUDr. Renata Severov\u00e1<\/p>\n<p style=\"text-align: center;\">Mgr. Pavl\u00edna Ka\u010d\u00edrkov\u00e1<\/p>\n<p style=\"text-align: center;\">Seintillo s.r.o.<\/p>\n<p style=\"text-align: center;\">GASTRO komplet UO s.r.o.<\/p>\n<p style=\"text-align: center;\">Auto-elektro Ji\u0159\u00ed Borovi\u010dka<\/p>\n<p style=\"text-align: center;\">Agrostav \u00dast\u00ed nad Orlic\u00ed, a.s.<\/p>\n<p style=\"text-align: center;\">Stavona, spol. s r.o.<\/p>\n<p style=\"text-align: center;\">MEIXNER &amp; HANU\u0160 a.s. Czech republic<\/p>\n<p style=\"text-align: center;\">M Projekt CZ s.r.o.<\/p>\n<p style=\"text-align: center;\">MUDr. Milena B\u0159\u00edzov\u00e1<\/p>\n<p style=\"text-align: center;\">JUDr. Marie Fajtov\u00e1<\/p>\n<p style=\"text-align: center;\">KAJA UnO, s.r.o.<\/p>\n<p style=\"text-align: center;\">Mgr. Ond\u0159ej Filip<\/p>\n<p style=\"text-align: center;\">MUDr. Petra Mol\u00e1\u010dkov\u00e1<\/p>\n<p style=\"text-align: center;\">MUDr. Lubor \u0160p\u00e1ta<\/p>\n<p style=\"text-align: center;\">HOLMES ENGLISH s.r.o.<\/p>\n<p style=\"text-align: center;\">MAPO projekt, s.r.o.<\/p>\n<p style=\"text-align: center;\">Mgr. Marie \u0160vecov\u00e1<\/p>\n<p style=\"text-align: center;\">COOP KONZUM, dru\u017estvo<\/p>\n<p style=\"text-align: center;\">UO TEX, s.r.o.<\/p>\n<p style=\"text-align: center;\">Agro \u017damberk a.s.<\/p>\n<p style=\"text-align: center;\">SPORTBART, s.r.o.<\/p>\n<p style=\"text-align: center;\">VELEBN\u00dd &amp; FAM s.r.o.<\/p>\n<p style=\"text-align: center;\">Mgr. Ladislav Jedli\u010dka<\/p>\n<p style=\"text-align: center;\">MUDr. Radom\u00edr Chaloupka<\/p>\n<p style=\"text-align: center;\">Ing.arch. Karel Blank<\/p>\n<p style=\"text-align: center;\">MUDr. Ji\u0159\u00ed Dole\u017eal<\/p>\n<p style=\"text-align: center;\">MUDr. Hana Prchalov\u00e1<\/p>\n<p style=\"text-align: center;\">Drogerie TETA s.r.o.<\/p>\n<p style=\"text-align: center;\">A.B.V. spol. s r.o.<\/p>\n<p style=\"text-align: center;\">Marie Ko\u0161tov\u00e1<\/p>\n<p style=\"text-align: center;\">Spintex s.r.o.<\/p>\n<p style=\"text-align: center;\">PROPLAST, spol. s r. o.<\/p>\n<p style=\"text-align: center;\">MUDr. Ond\u0159ej Bloho\u0148, DiS.<\/p>\n<p style=\"text-align: center;\">INTECH INC, s. r. o.<\/p>\n<p style=\"text-align: center;\">Lud\u011bk Skala<\/p>\n<p style=\"text-align: center;\">Ji\u0159ina Veverkov\u00e1<\/p>\n<p style=\"text-align: center;\">Ing. Zden\u011bk Stejskal<\/p>\n<p style=\"text-align: center;\">Zlatnictv\u00ed Tom\u00e1\u0161 Jurco<\/p>\n<p style=\"text-align: center;\">MUDr. Jan No\u017ei\u010dka<\/p>\n<p style=\"text-align: center;\">JUDr. V\u011bra Rittichov\u00e1<\/p>\n<p style=\"text-align: center;\">Ing. Jan Sedl\u00e1\u010dek<\/p>\n<p style=\"text-align: center;\">Drahoslava Ehlov\u00e1<\/p>\n<p style=\"text-align: center;\">MUDr. Miroslav Blana\u0159<\/p>\n<p style=\"text-align: center;\">Nakladatelstv\u00ed Kazda<\/p>\n<p style=\"text-align: center;\">Dana S\u00fcsserov\u00e1<\/p>\n<p style=\"text-align: center;\">TIPO creative s.r.o.<\/p>\n<p style=\"text-align: center;\">GRANTIS, spol. s r.o.<\/p>\n<p style=\"text-align: center;\">Mgr. Karol\u00edna Kapounov\u00e1 &#8211; Kav\u00e1rna Karol\u00edna<\/p>\n<p style=\"text-align: center;\">Ing. Milan Vesel\u00fd &#8211; Henry gril<\/p>\n<p style=\"text-align: center;\">MEDIATE s.r.o.<\/p>\n<p style=\"text-align: center;\"><strong>V\u0161em partner\u016fm d\u011bkujeme!<\/strong><\/p>\n<p style=\"text-align: center;\">\u00a0<\/p>\n<p><\/p>","protected":false},"excerpt":{"rendered":"<p>Vyhla\u0161ovatel a titul\u00e1rn\u00ed sponzor sout\u011b\u017ee \u00a0 \u00a0 \u00a0 \u00a0 \u00a0 \u00a0\u00a0 \u00a0\u00a0 \u00a0 \u00a0 \u00a0 \u00a0 \u00a0 \u00a0 \u00a0\u00a0\u00a0\u00a0 \u00a0 \u00a0 \u00a0 \u00a0 \u00a0 \u00a0\u00a0 \u00a0 \u00a0 \u00a0 \u00a0 \u00a0 \u00a0 \u00a0 \u00a0 \u00a0 \u00a0 \u00a0 \u00a0 \u00a0 \u00a0 \u00a0 \u00a0 \u00a0 \u00a0 \u00a0 \u00a0 \u00a0 \u00a0 \u00a0 \u00a0 \u00a0 \u00a0 \u00a0 \u00a0 \u00a0 \u00a0 [&hellip;]<\/p>\n","protected":false},"author":1,"featured_media":0,"parent":4,"menu_order":19,"comment_status":"closed","ping_status":"closed","template":"","meta":{"_acf_changed":false,"footnotes":""},"class_list":["post-218","page","type-page","status-publish","hentry"],"acf":[],"jetpack_sharing_enabled":true,"jetpack_shortlink":"https:\/\/wp.me\/P9KsEQ-3w","_links":{"self":[{"href":"https:\/\/www.kocianovo-usti.com\/en\/wp-json\/wp\/v2\/pages\/218","targetHints":{"allow":["GET"]}}],"collection":[{"href":"https:\/\/www.kocianovo-usti.com\/en\/wp-json\/wp\/v2\/pages"}],"about":[{"href":"https:\/\/www.kocianovo-usti.com\/en\/wp-json\/wp\/v2\/types\/page"}],"author":[{"embeddable":true,"href":"https:\/\/www.kocianovo-usti.com\/en\/wp-json\/wp\/v2\/users\/1"}],"replies":[{"embeddable":true,"href":"https:\/\/www.kocianovo-usti.com\/en\/wp-json\/wp\/v2\/comments?post=218"}],"version-history":[{"count":265,"href":"https:\/\/www.kocianovo-usti.com\/en\/wp-json\/wp\/v2\/pages\/218\/revisions"}],"predecessor-version":[{"id":7731,"href":"https:\/\/www.kocianovo-usti.com\/en\/wp-json\/wp\/v2\/pages\/218\/revisions\/7731"}],"up":[{"embeddable":true,"href":"https:\/\/www.kocianovo-usti.com\/en\/wp-json\/wp\/v2\/pages\/4"}],"wp:attachment":[{"href":"https:\/\/www.kocianovo-usti.com\/en\/wp-json\/wp\/v2\/media?parent=218"}],"curies":[{"name":"wp","href":"https:\/\/api.w.org\/{rel}","templated":true}]}}