{"id":249,"date":"2018-01-16T17:04:32","date_gmt":"2018-01-16T16:04:32","guid":{"rendered":"http:\/\/www.kocianovo-usti.com\/?page_id=249"},"modified":"2018-02-06T10:55:00","modified_gmt":"2018-02-06T09:55:00","slug":"kontakt","status":"publish","type":"page","link":"https:\/\/www.kocianovo-usti.com\/en\/kontakt\/","title":{"rendered":"Contact"},"content":{"rendered":"<p><\/p>\n<p><div class=\"col-sm-6 \" ><br \/>\n <strong>Klubcentrum\u00a0<\/strong><br \/>\n Lochmanova 1400<br \/>\n 562 01 \u00dast\u00ed nad Orlic\u00ed<\/p>\n<p>mob. +420 736 413 530 &#8211; Tom\u00e1\u0161 Fiedler<br \/>\n e-mail :\u00a0info@klubcentrum.cz<br \/>\n fiedler@klubcentrum.cz<br \/>\n www.klubcentrum.cz<\/p>\n<p><\/div><div class=\"col-sm-6 \" ><br \/>\n <strong>ZU\u0160 J. Kociana\u00a0<\/strong><br \/>\n Smetanova 1500\u00a0<br \/>\n 562 01 \u00dast\u00ed nad Orlic\u00ed<\/p>\n<p>web:\u00a0www.zusuo.cz\u00a0<br \/>\n lenka.lipenska@email.cz<br \/>\n <\/div><\/p>\n<p>&nbsp;<\/p>\n<p>&nbsp;<\/p>\n<p><iframe loading=\"lazy\" style=\"width: 100%; height: 250px; margin-top: 50px;\" src=\"https:\/\/www.google.com\/maps\/embed?pb=!1m14!1m8!1m3!1d10264.187388542852!2d16.397297!3d49.97298!3m2!1i1024!2i768!4f13.1!3m3!1m2!1s0x470defcb00479d63%3A0xbe55908ffa1c9e4a!2zU21ldGFub3ZhIDE1MDAsIDU2MiAwMSDDmnN0w60gbmFkIE9ybGljw60sIMSMZXNrbw!5e0!3m2!1scs!2sus!4v1516797412130\" width=\"300\" height=\"150\" frameborder=\"0\" allowfullscreen=\"allowfullscreen\" data-mce-fragment=\"1\"><\/iframe><\/p>\n<p><\/p>","protected":false},"excerpt":{"rendered":"<p>&nbsp; &nbsp;<\/p>\n","protected":false},"author":1,"featured_media":0,"parent":0,"menu_order":30,"comment_status":"closed","ping_status":"closed","template":"","meta":{"_acf_changed":false,"footnotes":""},"class_list":["post-249","page","type-page","status-publish","hentry"],"acf":[],"jetpack_sharing_enabled":true,"jetpack_shortlink":"https:\/\/wp.me\/P9KsEQ-41","_links":{"self":[{"href":"https:\/\/www.kocianovo-usti.com\/en\/wp-json\/wp\/v2\/pages\/249","targetHints":{"allow":["GET"]}}],"collection":[{"href":"https:\/\/www.kocianovo-usti.com\/en\/wp-json\/wp\/v2\/pages"}],"about":[{"href":"https:\/\/www.kocianovo-usti.com\/en\/wp-json\/wp\/v2\/types\/page"}],"author":[{"embeddable":true,"href":"https:\/\/www.kocianovo-usti.com\/en\/wp-json\/wp\/v2\/users\/1"}],"replies":[{"embeddable":true,"href":"https:\/\/www.kocianovo-usti.com\/en\/wp-json\/wp\/v2\/comments?post=249"}],"version-history":[{"count":0,"href":"https:\/\/www.kocianovo-usti.com\/en\/wp-json\/wp\/v2\/pages\/249\/revisions"}],"wp:attachment":[{"href":"https:\/\/www.kocianovo-usti.com\/en\/wp-json\/wp\/v2\/media?parent=249"}],"curies":[{"name":"wp","href":"https:\/\/api.w.org\/{rel}","templated":true}]}}