{"id":297,"date":"2018-01-23T14:02:55","date_gmt":"2018-01-23T13:02:55","guid":{"rendered":"http:\/\/www.kocianovo-usti.com\/?page_id=297"},"modified":"2025-05-10T11:52:51","modified_gmt":"2025-05-10T09:52:51","slug":"zpravodaje-khs","status":"publish","type":"page","link":"https:\/\/www.kocianovo-usti.com\/en\/soutez\/press\/zpravodaje-khs\/","title":{"rendered":"Newsletters"},"content":{"rendered":"<p><\/p>\n<p><strong>67. KHS 2025<\/strong><\/p>\n<ul>\n<li><a href=\"http:\/\/www.kocianovo-usti.com\/wp-content\/uploads\/2025\/05\/1_KHS-zpravodaj_web.pdf\">Zpravodaj KHS \u010d. 1<\/a><\/li>\n<li><a href=\"http:\/\/www.kocianovo-usti.com\/wp-content\/uploads\/2025\/05\/10_Zpravodaj-Kocianka_web.pdf\">Zpravodaj KHS \u010d. 2<\/a><\/li>\n<li><a href=\"http:\/\/www.kocianovo-usti.com\/wp-content\/uploads\/2025\/05\/Zpravodaj-Kocianka-3.pdf\">Zpravodaj KHS \u010d. 3<\/a><\/li>\n<\/ul>\n<p>&nbsp;<\/p>\n<h2><strong>Older newsletters:<\/strong><\/h2>\n<p><strong>61. RO\u010cN\u00cdK KOCIANOVY HOUSLOV\u00c9 SOUT\u011a\u017dE 2019<\/strong><\/p>\n<ul>\n<li><a href=\"http:\/\/www.kocianovo-usti.com\/wp-content\/uploads\/2019\/05\/KHS2019_1.pdf\" target=\"_blank\" rel=\"noopener\">Zpravodaj KHS \u010d. 1<\/a><\/li>\n<li><a href=\"http:\/\/www.kocianovo-usti.com\/wp-content\/uploads\/2019\/05\/KHS2019_2.pdf\" target=\"_blank\" rel=\"noopener\">Zpravodaj KHS \u010d. 2<\/a><\/li>\n<li><a href=\"http:\/\/www.kocianovo-usti.com\/wp-content\/uploads\/2019\/05\/KHS2019_3.pdf\" target=\"_blank\" rel=\"noopener\">Zpravodaj KHS \u010d. 3<\/a><\/li>\n<li><a href=\"http:\/\/www.kocianovo-usti.com\/wp-content\/uploads\/2019\/05\/KHS2019_4.pdf\" target=\"_blank\" rel=\"noopener\">Zpravodaj KHS \u010d. 4<\/a><\/li>\n<\/ul>\n<p><strong>60. RO\u010cN\u00cdK KOCIANOVY HOUSLOV\u00c9 SOUT\u011a\u017dE 2018<\/strong><\/p>\n<ul>\n<li><a href=\"http:\/\/www.kocianovo-usti.com\/wp-content\/uploads\/2018\/05\/Zpravodaj_1-2018.pdf\" target=\"_blank\" rel=\"noopener\">Zpravodaj KHS \u010d. 1<\/a><\/li>\n<li><a href=\"http:\/\/www.kocianovo-usti.com\/wp-content\/uploads\/2018\/05\/Zpravodaj_2-2018.pdf\" target=\"_blank\" rel=\"noopener\">Zpravodaj KHS \u010d. 2<\/a><\/li>\n<li><a href=\"http:\/\/www.kocianovo-usti.com\/wp-content\/uploads\/2018\/05\/Zpravodaj-%C4%8D.3-2018.pdf\" target=\"_blank\" rel=\"noopener\">Zpravodaj KHS \u010d. 3<\/a><\/li>\n<li><a href=\"http:\/\/www.kocianovo-usti.com\/wp-content\/uploads\/2018\/05\/Zpravodaj_4-2018.pdf\" target=\"_blank\" rel=\"noopener\">Zpravodaj KHS \u010d. 4<\/a><\/li>\n<li><a href=\"http:\/\/www.kocianovo-usti.com\/wp-content\/uploads\/2018\/05\/Zpravodaj_5_2018.pdf\" target=\"_blank\" rel=\"noopener\">Zpravodaj KHS \u010d. 5<\/a><\/li>\n<\/ul>\n<p><strong>59. RO\u010cN\u00cdK KOCIANOVY HOUSLOV\u00c9 SOUT\u011a\u017dE 2017<\/strong><\/p>\n<ul>\n<li><a href=\"http:\/\/www.kocianovo-usti.com\/khs\/zpravodaje\/2017\/zpravodaj1.pdf\">Zpravodaj KHS \u010d. 1<\/a><\/li>\n<li><a href=\"http:\/\/www.kocianovo-usti.com\/khs\/zpravodaje\/2017\/zpravodaj2.pdf\">Zpravodaj KHS \u010d. 2<\/a><\/li>\n<li><a href=\"http:\/\/www.kocianovo-usti.com\/khs\/zpravodaje\/2017\/zpravodaj3.pdf\">Zpravodaj KHS \u010d. 3<\/a><\/li>\n<li><a href=\"http:\/\/www.kocianovo-usti.com\/khs\/zpravodaje\/2017\/zpravodaj4.pdf\">Zpravodaj KHS \u010d. 4<\/a><\/li>\n<\/ul>\n<p><strong>58. RO\u010cN\u00cdK KOCIANOVY HOUSLOV\u00c9 SOUT\u011a\u017dE 2016<\/strong><\/p>\n<ul>\n<li><a href=\"http:\/\/www.kocianovo-usti.com\/khs\/zpravodaje\/2016\/zpravodaj1.pdf\">Zpravodaj KHS \u010d. 1<br \/>\n<\/a><\/li>\n<li><a href=\"http:\/\/www.kocianovo-usti.com\/khs\/zpravodaje\/2016\/zpravodaj2.pdf\">Zpravodaj KHS \u010d. 2<br \/>\n<\/a><\/li>\n<li><a href=\"http:\/\/www.kocianovo-usti.com\/khs\/zpravodaje\/2016\/zpravodaj3.pdf\">Zpravodaj KHS \u010d. 3<\/a><\/li>\n<li><a href=\"http:\/\/www.kocianovo-usti.com\/khs\/zpravodaje\/2016\/zpravodaj4.pdf\">Zpravodaj KHS \u010d. 4<\/a><\/li>\n<\/ul>\n<p><strong>57. RO\u010cN\u00cdK KOCIANOVY HOUSLOV\u00c9 SOUT\u011a\u017dE 2015<\/strong><\/p>\n<ul>\n<li><a href=\"http:\/\/www.kocianovo-usti.com\/khs\/zpravodaje\/2015\/zpravodaj1.pdf\">Zpravodaj KHS \u010d.\u00a01 \/ 1. \u010d\u00e1st<\/a><\/li>\n<li><a href=\"http:\/\/www.kocianovo-usti.com\/khs\/zpravodaje\/2015\/zpravodaj1x.pdf\">Zpravodaj KHS \u010d.\u00a01 \/ 2. \u010d\u00e1st<\/a><\/li>\n<li><a href=\"http:\/\/www.kocianovo-usti.com\/khs\/zpravodaje\/2015\/2zpravodaj1.pdf\">Zpravodaj KHS \u010d. 2 \/ 1. \u010d\u00e1st<\/a><\/li>\n<li><a href=\"http:\/\/www.kocianovo-usti.com\/khs\/zpravodaje\/2015\/2zpravodaj2.pdf\">Zpavodaj KHS \u010d. 2 \/ 2. \u010d\u00e1st<\/a><\/li>\n<li><a href=\"http:\/\/www.kocianovo-usti.com\/khs\/zpravodaje\/2015\/2zpravodajfotopriloha.pdf\">Zpravodaj KHS \u010d. 2 \/ p\u0159\u00edloha<\/a><\/li>\n<\/ul>\n<p><strong>56. RO\u010cN\u00cdK KOCIANOVY HOUSLOV\u00c9 SOUT\u011a\u017dE 2014<\/strong><\/p>\n<ul>\n<li><a href=\"http:\/\/www.kocianovo-usti.com\/khs\/zpravodaje\/2014\/KHS-2014-1.pdf\">Zpravodaj KHS \u010d. 1<\/a><\/li>\n<li><a href=\"http:\/\/www.kocianovo-usti.com\/khs\/zpravodaje\/2014\/KHS-2014-2.pdf\">Zpravodaj KHS \u010d. 2<\/a><\/li>\n<li><a href=\"http:\/\/www.kocianovo-usti.com\/khs\/zpravodaje\/2014\/KHS-2014-3.pdf\">Zpravodaj KHS \u010d. 3<\/a><\/li>\n<li><a href=\"http:\/\/www.kocianovo-usti.com\/khs\/zpravodaje\/2014\/KHS-2014-4.pdf\">Zpravodaj KHS \u010d. 4<\/a><\/li>\n<\/ul>\n<p><strong>55. RO\u010cN\u00cdK KOCIANOVY HOUSLOV\u00c9 SOUT\u011a\u017dE 2013<\/strong><\/p>\n<ul>\n<li><a title=\"zpravodaj\" href=\"http:\/\/www.kocianovo-usti.com\/khs\/zpravodaje\/2013\/KHS-2013-1.pdf\" target=\"_blank\" rel=\"noopener\">Zpravodaj KHS \u010d. 1<\/a><\/li>\n<li><a title=\"zpravodaj\" href=\"http:\/\/www.kocianovo-usti.com\/khs\/zpravodaje\/2013\/KHS-2013-2.pdf\" target=\"_blank\" rel=\"noopener\">Zpravodaj KHS \u010d. 2<\/a><\/li>\n<li><a title=\"zpravodaj\" href=\"http:\/\/www.kocianovo-usti.com\/khs\/zpravodaje\/2013\/KHS-2013-3.pdf\" target=\"_blank\" rel=\"noopener\">Zpravodaj KHS \u010d. 3<\/a><\/li>\n<li><a title=\"zpravodaj\" href=\"http:\/\/www.kocianovo-usti.com\/khs\/zpravodaje\/2013\/KHS-2013-4.pdf\" target=\"_blank\" rel=\"noopener\">Zpravodaj KHS \u010d. 4<\/a><\/li>\n<\/ul>\n<p><strong>54. RO\u010cN\u00cdK KOCIANOVY HOUSLOV\u00c9 SOUT\u011a\u017dE 2012<\/strong><\/p>\n<ul>\n<li><a title=\"zpravodaj\" href=\"http:\/\/www.kocianovo-usti.com\/khs\/zpravodaje\/2012\/KHS_2012.pdf\" target=\"_blank\" rel=\"noopener\">Zpravodaj KHS<\/a><\/li>\n<\/ul>\n<p><strong>53. RO\u010cN\u00cdK KOCIANOVY HOUSLOV\u00c9 SOUT\u011a\u017dE 2011<\/strong><\/p>\n<ul>\n<li><a title=\"zpravodaj\" href=\"http:\/\/www.kocianovo-usti.com\/khs\/zpravodaje\/2011\/KHS_2011_1.pdf\" target=\"_blank\" rel=\"noopener\">Zpravodaj KHS \u010d. 1<\/a><\/li>\n<li><a title=\"zpravodaj\" href=\"http:\/\/www.kocianovo-usti.com\/khs\/zpravodaje\/2011\/KHS_2011_2.pdf\" target=\"_blank\" rel=\"noopener\">Zpravodaj KHS \u010d. 2<\/a><\/li>\n<li><a title=\"zpravodaj\" href=\"http:\/\/www.kocianovo-usti.com\/khs\/zpravodaje\/2011\/KHS_2011_3.pdf\" target=\"_blank\" rel=\"noopener\">Zpravodaj KHS \u010d. 3<\/a><\/li>\n<li><a title=\"zpravodaj\" href=\"http:\/\/www.kocianovo-usti.com\/khs\/zpravodaje\/2011\/KHS_2011_4.pdf\" target=\"_blank\" rel=\"noopener\">Zpravodaj KHS \u010d. 4<\/a><\/li>\n<\/ul>\n<p><strong>52. RO\u010cN\u00cdK KOCIANOVY HOUSLOV\u00c9 SOUT\u011a\u017dE 2010<\/strong><\/p>\n<ul>\n<li><a title=\"zpravodaj\" href=\"http:\/\/www.kocianovo-usti.com\/khs\/zpravodaje\/2010\/KHS_2010_1.pdf\" target=\"_blank\" rel=\"noopener\">Zpravodaj KHS \u010d. 1<\/a><\/li>\n<li><a title=\"zpravodaj\" href=\"http:\/\/www.kocianovo-usti.com\/khs\/zpravodaje\/2010\/KHS_2010_2.pdf\" target=\"_blank\" rel=\"noopener\">Zpravodaj KHS \u010d. 2<\/a><\/li>\n<li><a title=\"zpravodaj\" href=\"http:\/\/www.kocianovo-usti.com\/khs\/zpravodaje\/2010\/KHS_2010_3.pdf\" target=\"_blank\" rel=\"noopener\">Zpravodaj KHS \u010d. 3<\/a><\/li>\n<li><a title=\"zpravodaj\" href=\"http:\/\/www.kocianovo-usti.com\/khs\/zpravodaje\/2010\/KHS_2010_4.pdf\" target=\"_blank\" rel=\"noopener\">Zpravodaj KHS \u010d. 4<\/a><\/li>\n<\/ul>\n<p><strong>51. RO\u010cN\u00cdK KOCIANOVY HOUSLOV\u00c9 SOUT\u011a\u017dE 2009<\/strong><\/p>\n<ul>\n<li><a title=\"zpravodaj\" href=\"http:\/\/www.kocianovo-usti.com\/khs\/zpravodaje\/2009\/KHS_2009_1.pdf\" target=\"_blank\" rel=\"noopener\">Zpravodaj KHS \u010d. 1<\/a><\/li>\n<li><a title=\"zpravodaj\" href=\"http:\/\/www.kocianovo-usti.com\/khs\/zpravodaje\/2009\/KHS_2009_2.pdf\" target=\"_blank\" rel=\"noopener\">Zpravodaj KHS \u010d. 2<\/a><\/li>\n<li><a title=\"zpravodaj\" href=\"http:\/\/www.kocianovo-usti.com\/khs\/zpravodaje\/2009\/KHS_2009_3.pdf\" target=\"_blank\" rel=\"noopener\">Zpravodaj KHS \u010d. 3<\/a><\/li>\n<li><a title=\"zpravodaj\" href=\"http:\/\/www.kocianovo-usti.com\/khs\/zpravodaje\/2009\/KHS_2009_4.pdf\" target=\"_blank\" rel=\"noopener\">Zpravodaj KHS \u010d. 4<\/a><\/li>\n<\/ul>\n<p><strong>50. RO\u010cN\u00cdK KOCIANOVY HOUSLOV\u00c9 SOUT\u011a\u017dE 2008<\/strong><\/p>\n<ul>\n<li><a title=\"zpravodaj\" href=\"http:\/\/www.kocianovo-usti.com\/khs\/zpravodaje\/2008\/KHS_2008_1.pdf\" target=\"_blank\" rel=\"noopener\">Zpravodaj KHS \u010d. 1<\/a><\/li>\n<li><a title=\"zpravodaj\" href=\"http:\/\/www.kocianovo-usti.com\/khs\/zpravodaje\/2008\/KHS_2008_2.pdf\" target=\"_blank\" rel=\"noopener\">Zpravodaj KHS \u010d. 2<\/a><\/li>\n<li><a title=\"zpravodaj\" href=\"http:\/\/www.kocianovo-usti.com\/khs\/zpravodaje\/2008\/KHS_2008_3.pdf\" target=\"_blank\" rel=\"noopener\">Zpravodaj KHS \u010d. 3<\/a><\/li>\n<li><a title=\"zpravodaj\" href=\"http:\/\/www.kocianovo-usti.com\/khs\/zpravodaje\/2008\/KHS_2008_4.pdf\" target=\"_blank\" rel=\"noopener\">Zpravodaj KHS \u010d. 4<\/a><\/li>\n<\/ul>\n<p><strong>49. RO\u010cN\u00cdK KOCIANOVY HOUSLOV\u00c9 SOUT\u011a\u017dE 2007<\/strong><\/p>\n<ul>\n<li><a title=\"zpravodaj\" href=\"http:\/\/www.kocianovo-usti.com\/khs\/zpravodaje\/2007\/KHS_2007_1.pdf\" target=\"_blank\" rel=\"noopener\">Zpravodaj KHS \u010d. 1<\/a><\/li>\n<li><a title=\"zpravodaj\" href=\"http:\/\/www.kocianovo-usti.com\/khs\/zpravodaje\/2007\/KHS_2007_2.pdf\" target=\"_blank\" rel=\"noopener\">Zpravodaj KHS \u010d. 2<\/a><\/li>\n<li><a title=\"zpravodaj\" href=\"http:\/\/www.kocianovo-usti.com\/khs\/zpravodaje\/2007\/KHS_2007_3.pdf\" target=\"_blank\" rel=\"noopener\">Zpravodaj KHS \u010d. 3<\/a><\/li>\n<li><a title=\"zpravodaj\" href=\"http:\/\/www.kocianovo-usti.com\/khs\/zpravodaje\/2007\/KHS_2007_4.pdf\" target=\"_blank\" rel=\"noopener\">Zpravodaj KHS \u010d. 4<\/a><\/li>\n<\/ul>\n<p><strong>48. RO\u010cN\u00cdK KOCIANOVY HOUSLOV\u00c9 SOUT\u011a\u017dE 2006<\/strong><\/p>\n<ul>\n<li><a title=\"zpravodaj\" href=\"http:\/\/www.kocianovo-usti.com\/khs\/zpravodaje\/2006\/KHS_2006_1.pdf\" target=\"_blank\" rel=\"noopener\">Zpravodaj KHS \u010d. 1<\/a><\/li>\n<li><a title=\"zpravodaj\" href=\"http:\/\/www.kocianovo-usti.com\/khs\/zpravodaje\/2006\/KHS_2006_2.pdf\" target=\"_blank\" rel=\"noopener\">Zpravodaj KHS \u010d. 2<\/a><\/li>\n<li><a title=\"zpravodaj\" href=\"http:\/\/www.kocianovo-usti.com\/khs\/zpravodaje\/2006\/KHS_2006_3.pdf\" target=\"_blank\" rel=\"noopener\">Zpravodaj KHS \u010d. 3<\/a><\/li>\n<li><a title=\"zpravodaj\" href=\"http:\/\/www.kocianovo-usti.com\/khs\/zpravodaje\/2006\/KHS_2006_4.pdf\" target=\"_blank\" rel=\"noopener\">Zpravodaj KHS \u010d. 4<\/a><\/li>\n<\/ul>\n<p><strong>47. RO\u010cN\u00cdK KOCIANOVY HOUSLOV\u00c9 SOUT\u011a\u017dE 2005<\/strong><\/p>\n<ul>\n<li><a title=\"zpravodaj\" href=\"http:\/\/www.kocianovo-usti.com\/khs\/zpravodaje\/2005\/KHS_2005_1.pdf\" target=\"_blank\" rel=\"noopener\">Zpravodaj KHS \u010d. 1<\/a><\/li>\n<li><a title=\"zpravodaj\" href=\"http:\/\/www.kocianovo-usti.com\/khs\/zpravodaje\/2005\/KHS_2005_2.pdf\" target=\"_blank\" rel=\"noopener\">Zpravodaj KHS \u010d. 2<\/a><\/li>\n<li><a title=\"zpravodaj\" href=\"http:\/\/www.kocianovo-usti.com\/khs\/zpravodaje\/2005\/KHS_2005_3.pdf\" target=\"_blank\" rel=\"noopener\">Zpravodaj KHS \u010d. 3<\/a><\/li>\n<li><a title=\"zpravodaj\" href=\"http:\/\/www.kocianovo-usti.com\/khs\/zpravodaje\/2005\/KHS_2005_4.pdf\" target=\"_blank\" rel=\"noopener\">Zpravodaj KHS \u010d. 4<\/a><\/li>\n<\/ul>\n<p><strong>46. RO\u010cN\u00cdK KOCIANOVY HOUSLOV\u00c9 SOUT\u011a\u017dE 2004<\/strong><\/p>\n<ul>\n<li><a title=\"zpravodaj\" href=\"http:\/\/www.kocianovo-usti.com\/khs\/zpravodaje\/2004\/KHS_2004_1.pdf\" target=\"_blank\" rel=\"noopener\">Zpravodaj KHS \u010d. 1<\/a><\/li>\n<li><a title=\"zpravodaj\" href=\"http:\/\/www.kocianovo-usti.com\/khs\/zpravodaje\/2004\/KHS_2004_2.pdf\" target=\"_blank\" rel=\"noopener\">Zpravodaj KHS \u010d. 2<\/a><\/li>\n<li><a title=\"zpravodaj\" href=\"http:\/\/www.kocianovo-usti.com\/khs\/zpravodaje\/2004\/KHS_2004_3.pdf\" target=\"_blank\" rel=\"noopener\">Zpravodaj KHS \u010d. 3<\/a><\/li>\n<li><a title=\"zpravodaj\" href=\"http:\/\/www.kocianovo-usti.com\/khs\/zpravodaje\/2004\/KHS_2004_4.pdf\" target=\"_blank\" rel=\"noopener\">Zpravodaj KHS \u010d. 4<\/a><\/li>\n<\/ul>\n<p><strong>45. RO\u010cN\u00cdK KOCIANOVY HOUSLOV\u00c9 SOUT\u011a\u017dE 2003<\/strong><\/p>\n<ul>\n<li><a title=\"zpravodaj\" href=\"http:\/\/www.kocianovo-usti.com\/khs\/zpravodaje\/2003\/KHS_2003_1.pdf\" target=\"_blank\" rel=\"noopener\">Zpravodaj KHS \u010d. 1<\/a><\/li>\n<li><a title=\"zpravodaj\" href=\"http:\/\/www.kocianovo-usti.com\/khs\/zpravodaje\/2003\/KHS_2003_2.pdf\" target=\"_blank\" rel=\"noopener\">Zpravodaj KHS \u010d. 2<\/a><\/li>\n<li><a title=\"zpravodaj\" href=\"http:\/\/www.kocianovo-usti.com\/khs\/zpravodaje\/2003\/KHS_2003_3.pdf\" target=\"_blank\" rel=\"noopener\">Zpravodaj KHS \u010d. 3<\/a><\/li>\n<li><a title=\"zpravodaj\" href=\"http:\/\/www.kocianovo-usti.com\/khs\/zpravodaje\/2003\/KHS_2003_4.pdf\" target=\"_blank\" rel=\"noopener\">Zpravodaj KHS \u010d. 4<\/a><\/li>\n<\/ul>\n<p><strong>44. RO\u010cN\u00cdK KOCIANOVY HOUSLOV\u00c9 SOUT\u011a\u017dE 2002<\/strong><\/p>\n<ul>\n<li><a title=\"zpravodaj\" href=\"http:\/\/www.kocianovo-usti.com\/khs\/zpravodaje\/2002\/KHS_2002_1.pdf\" target=\"_blank\" rel=\"noopener\">Zpravodaj KHS \u010d. 1<\/a><\/li>\n<li><a title=\"zpravodaj\" href=\"http:\/\/www.kocianovo-usti.com\/khs\/zpravodaje\/2002\/KHS_2002_2.pdf\" target=\"_blank\" rel=\"noopener\">Zpravodaj KHS \u010d. 2<\/a><\/li>\n<li><a title=\"zpravodaj\" href=\"http:\/\/www.kocianovo-usti.com\/khs\/zpravodaje\/2002\/KHS_2002_3.pdf\" target=\"_blank\" rel=\"noopener\">Zpravodaj KHS \u010d. 3<\/a><\/li>\n<li><a title=\"zpravodaj\" href=\"http:\/\/www.kocianovo-usti.com\/khs\/zpravodaje\/2002\/KHS_2002_4.pdf\" target=\"_blank\" rel=\"noopener\">Zpravodaj KHS \u010d. 4<\/a><\/li>\n<\/ul>\n<p><strong>43. RO\u010cN\u00cdK KOCIANOVY HOUSLOV\u00c9 SOUT\u011a\u017dE 2001<\/strong><\/p>\n<ul>\n<li><a title=\"zpravodaj\" href=\"http:\/\/www.kocianovo-usti.com\/khs\/zpravodaje\/2001\/KHS_2001_1.pdf\" target=\"_blank\" rel=\"noopener\">Zpravodaj KHS \u010d. 1<\/a><\/li>\n<li><a title=\"zpravodaj\" href=\"http:\/\/www.kocianovo-usti.com\/khs\/zpravodaje\/2001\/KHS_2001_2.pdf\" target=\"_blank\" rel=\"noopener\">Zpravodaj KHS \u010d. 2<\/a><\/li>\n<li><a title=\"zpravodaj\" href=\"http:\/\/www.kocianovo-usti.com\/khs\/zpravodaje\/2001\/KHS_2001_3.pdf\" target=\"_blank\" rel=\"noopener\">Zpravodaj KHS \u010d. 3<\/a><\/li>\n<li><a title=\"zpravodaj\" href=\"http:\/\/www.kocianovo-usti.com\/khs\/zpravodaje\/2001\/KHS_2001_4.pdf\" target=\"_blank\" rel=\"noopener\">Zpravodaj KHS \u010d. 4<\/a><\/li>\n<\/ul>\n<p><\/p>","protected":false},"excerpt":{"rendered":"<p>67. KHS 2025 Zpravodaj KHS \u010d. 1 Zpravodaj KHS \u010d. 2 Zpravodaj KHS \u010d. 3 &nbsp; Older newsletters: 61. RO\u010cN\u00cdK KOCIANOVY HOUSLOV\u00c9 SOUT\u011a\u017dE 2019 Zpravodaj KHS \u010d. 1 Zpravodaj KHS \u010d. 2 Zpravodaj KHS \u010d. 3 Zpravodaj KHS \u010d. 4 60. RO\u010cN\u00cdK KOCIANOVY HOUSLOV\u00c9 SOUT\u011a\u017dE 2018 Zpravodaj KHS \u010d. 1 Zpravodaj KHS \u010d. 2 Zpravodaj [&hellip;]<\/p>\n","protected":false},"author":1,"featured_media":0,"parent":65,"menu_order":17,"comment_status":"closed","ping_status":"closed","template":"","meta":{"_acf_changed":false,"footnotes":""},"class_list":["post-297","page","type-page","status-publish","hentry"],"acf":[],"jetpack_sharing_enabled":true,"jetpack_shortlink":"https:\/\/wp.me\/P9KsEQ-4N","_links":{"self":[{"href":"https:\/\/www.kocianovo-usti.com\/en\/wp-json\/wp\/v2\/pages\/297","targetHints":{"allow":["GET"]}}],"collection":[{"href":"https:\/\/www.kocianovo-usti.com\/en\/wp-json\/wp\/v2\/pages"}],"about":[{"href":"https:\/\/www.kocianovo-usti.com\/en\/wp-json\/wp\/v2\/types\/page"}],"author":[{"embeddable":true,"href":"https:\/\/www.kocianovo-usti.com\/en\/wp-json\/wp\/v2\/users\/1"}],"replies":[{"embeddable":true,"href":"https:\/\/www.kocianovo-usti.com\/en\/wp-json\/wp\/v2\/comments?post=297"}],"version-history":[{"count":27,"href":"https:\/\/www.kocianovo-usti.com\/en\/wp-json\/wp\/v2\/pages\/297\/revisions"}],"predecessor-version":[{"id":7354,"href":"https:\/\/www.kocianovo-usti.com\/en\/wp-json\/wp\/v2\/pages\/297\/revisions\/7354"}],"up":[{"embeddable":true,"href":"https:\/\/www.kocianovo-usti.com\/en\/wp-json\/wp\/v2\/pages\/65"}],"wp:attachment":[{"href":"https:\/\/www.kocianovo-usti.com\/en\/wp-json\/wp\/v2\/media?parent=297"}],"curies":[{"name":"wp","href":"https:\/\/api.w.org\/{rel}","templated":true}]}}