{"id":59,"date":"2017-12-30T19:46:54","date_gmt":"2017-12-30T18:46:54","guid":{"rendered":"http:\/\/www.kocianovo-usti.com\/?page_id=59"},"modified":"2026-03-12T14:02:28","modified_gmt":"2026-03-12T13:02:28","slug":"porota","status":"publish","type":"page","link":"https:\/\/www.kocianovo-usti.com\/en\/soutez\/porota\/","title":{"rendered":"JURY 2026"},"content":{"rendered":"<p><\/p>\n<p><strong>Chairman:<\/strong><\/p>\n<p><strong>prof. Leo\u0161 \u010cepick\u00fd,<\/strong> Music Faculty of AMU Prague, first violinist of the Wihan Quartet, laureate of KVC 1981, chairman of the jury<\/p>\n<p><strong>Members of jury:<\/strong><\/p>\n<p><strong>MgA. \u0160t\u011bp\u00e1n Je\u017eek, Ph.D.,<\/strong> AMU Prague<\/p>\n<p><strong>MgA. Hana Kotkov\u00e1 (Switzerland),<\/strong> Conservatorio della Svizzera italiana, Lugano<\/p>\n<p><strong>MgA. Jan Mr\u00e1\u010dek,<\/strong> violin virtuoso, concertmaster of the Czech Philharmonic<\/p>\n<p><strong>prof. Franti\u0161ek Novotn\u00fd,<\/strong> Music Faculty of JAMU Brno, V\u0160MU Bratislava, laureate of KVC 1979<\/p>\n<p><strong>prof. Priv. &#8211; Doz. Mag. Peter Schuhmayer (Austria),<\/strong> University of Music and Performing Arts Vienna, member of Artis-Quartett<\/p>\n<p><strong>prof. Ma\u0142gorzata Skorupa (Poland),<\/strong> Stanis\u0142aw Moniuszko Academy of Music in Gda\u0144sk,\u00a0teacher of the laureate Kocian Violin Competition 2025<\/p>\n<p>&nbsp;<\/p>\n<p><\/p>","protected":false},"excerpt":{"rendered":"<p>Chairman: prof. Leo\u0161 \u010cepick\u00fd, Music Faculty of AMU Prague, first violinist of the Wihan Quartet, laureate of KVC 1981, chairman of the jury Members of jury: MgA. \u0160t\u011bp\u00e1n Je\u017eek, Ph.D., AMU Prague MgA. Hana Kotkov\u00e1 (Switzerland), Conservatorio della Svizzera italiana, Lugano MgA. Jan Mr\u00e1\u010dek, violin virtuoso, concertmaster of the Czech Philharmonic prof. Franti\u0161ek Novotn\u00fd, Music [&hellip;]<\/p>\n","protected":false},"author":1,"featured_media":0,"parent":4,"menu_order":6,"comment_status":"closed","ping_status":"closed","template":"","meta":{"_acf_changed":false,"footnotes":""},"class_list":["post-59","page","type-page","status-publish","hentry"],"acf":[],"jetpack_sharing_enabled":true,"jetpack_shortlink":"https:\/\/wp.me\/P9KsEQ-X","_links":{"self":[{"href":"https:\/\/www.kocianovo-usti.com\/en\/wp-json\/wp\/v2\/pages\/59","targetHints":{"allow":["GET"]}}],"collection":[{"href":"https:\/\/www.kocianovo-usti.com\/en\/wp-json\/wp\/v2\/pages"}],"about":[{"href":"https:\/\/www.kocianovo-usti.com\/en\/wp-json\/wp\/v2\/types\/page"}],"author":[{"embeddable":true,"href":"https:\/\/www.kocianovo-usti.com\/en\/wp-json\/wp\/v2\/users\/1"}],"replies":[{"embeddable":true,"href":"https:\/\/www.kocianovo-usti.com\/en\/wp-json\/wp\/v2\/comments?post=59"}],"version-history":[{"count":46,"href":"https:\/\/www.kocianovo-usti.com\/en\/wp-json\/wp\/v2\/pages\/59\/revisions"}],"predecessor-version":[{"id":7682,"href":"https:\/\/www.kocianovo-usti.com\/en\/wp-json\/wp\/v2\/pages\/59\/revisions\/7682"}],"up":[{"embeddable":true,"href":"https:\/\/www.kocianovo-usti.com\/en\/wp-json\/wp\/v2\/pages\/4"}],"wp:attachment":[{"href":"https:\/\/www.kocianovo-usti.com\/en\/wp-json\/wp\/v2\/media?parent=59"}],"curies":[{"name":"wp","href":"https:\/\/api.w.org\/{rel}","templated":true}]}}