{"id":61,"date":"2017-12-30T19:47:11","date_gmt":"2017-12-30T18:47:11","guid":{"rendered":"http:\/\/www.kocianovo-usti.com\/?page_id=61"},"modified":"2026-03-11T21:45:54","modified_gmt":"2026-03-11T20:45:54","slug":"ceny","status":"publish","type":"page","link":"https:\/\/www.kocianovo-usti.com\/en\/soutez\/ceny\/","title":{"rendered":"Awards 2026"},"content":{"rendered":"<p><\/p>\n<p>The Award from the Master Jaroslav Kocian Foundation Fund for the laureate of the competition: <strong>concert with the Czech Chamber Philharmonic Orchestra Pardubice and original bobbin-lace by Czech artist Dana Bene\u0161ov\u00e1<\/strong><\/p>\n<p>The Award from Czech Radio for the laureate of the competition: <strong>radio recording with Czech National Radio<\/strong><\/p>\n<p align=\"justify\"><span lang=\"zxx\"><span lang=\"cs-CZ\">The Award from violin workshop Vladim\u00edr \u010cech for the winner of 1st category: <\/span><\/span><strong><span lang=\"zxx\"><span lang=\"cs-CZ\">the master three quarter size violin<\/span><\/span><\/strong><\/p>\n<p class=\"western\" lang=\"cs-CZ\" align=\"justify\">The Award from the Master Jaroslav Kocian Foundation Fund for the best interpretation of Jaroslav Kocian Intermezzo pittoresque op. 18, No. 2: <strong>prize money 15 000 CZK<\/strong><\/p>\n<p align=\"justify\"><span lang=\"cs-CZ\">The Award from the Master Jaroslav Kocian Foundation Fund for the laureate of the competition: <strong>prize money 10 000 CZK<\/strong><\/span><\/p>\n<p align=\"justify\"><span lang=\"cs-CZ\">The Award from the Master Jaroslav Kocian Foundation Fund for the winner of 1st and 2nd category: <strong>prize money 3 000 CZK<\/strong><\/span><\/p>\n<p align=\"justify\"><span lang=\"cs-CZ\">The Award from the Master Jaroslav Kocian Foundation Fund for the winner of 3rd and 4th category: <strong>prize money 5 000 CZK<\/strong><\/span><\/p>\n<p align=\"left\">The Award from the Czech Musical Instruments company for laureate of the competition: <strong>BAM violin case<\/strong><\/p>\n<p>The Award from the Warchal Company for the competitors who finished in the 1st, 2nd and 3rd place in all categories: <strong>Warchal strings <br \/>\n<\/strong><\/p>\n<p><span lang=\"zxx\"><span lang=\"cs-CZ\">The Award from Franti\u0161ek Kinsk\u00fd, the New Chateau owner in Kostelec nad Orlic\u00ed and of the KINSK\u00dd Art Media Agency, for the best competitor of each category from the Czech Republic: <\/span><\/span><strong><span lang=\"zxx\"><span lang=\"cs-CZ\">a ceremony concert invitation to perform in the Mirror Hall of the New Chateau<\/span><\/span><\/strong><\/p>\n<p><span lang=\"zxx\"><span lang=\"cs-CZ\">The Award from the Smetana&#8217;s Litomy\u0161l Festival for the best participant from the Czech Republic in each category: <\/span><\/span><strong><span lang=\"zxx\"><span lang=\"cs-CZ\">an invitation to perform at a concert in the Festival Gardens<\/span><\/span><\/strong><\/p>\n<p align=\"left\"><span lang=\"cs-CZ\">The Award from Leo\u0161 \u010cepick\u00fd, Chairman of the Jury, for a selected participant:<\/span><strong><span lang=\"cs-CZ\"> participation in the Interpretation Courses Litomy\u0161l 2025 <\/span><\/strong><span lang=\"cs-CZ\"><strong>(course fee and accommodation)<\/strong> <\/span><\/p>\n<p><span lang=\"cs-CZ\">The Award from the music editorial team of Radio Proglas for two contestants from the Czech Republic: <\/span><strong><span lang=\"cs-CZ\">concert performance<\/span><\/strong><\/p>\n<p>The Award from Nicole Van Gils, Belgium Honorary Consul in Prague, for the best interpretation of Belgian composer: <strong>prize money 5 000 CZK<\/strong><\/p>\n<p>The Award from Mrs. Rosalind Miranda for the best interpretation of Spanish or American (North, Central, or South) composer:<strong> prize money 5 000 CZK<\/strong><\/p>\n<p>The Award from B\u00e4renreiter Prague music publisher for the laureate: <strong>music sheet purchase in B\u00e4renreiter Prague publisher and B\u00e4renreiter-Verlag Kassel worth 5 000 CZK<\/strong><\/p>\n<p>The Award from B\u00e4renreiter Prague music publisher for the laureate\u00b4s teacher: <strong>music sheet purchase in B\u00e4renreiter Prague publisher and B\u00e4renreiter-Verlag Kassel worth 3 000 CZK<\/strong><\/p>\n<p><strong>The Award for the youngest participant<\/strong><\/p>\n<p><strong>The Award from the children jury<\/strong><\/p>\n<p><\/p>","protected":false},"excerpt":{"rendered":"<p>The Award from the Master Jaroslav Kocian Foundation Fund for the laureate of the competition: concert with the Czech Chamber Philharmonic Orchestra Pardubice and original bobbin-lace by Czech artist Dana Bene\u0161ov\u00e1 The Award from Czech Radio for the laureate of the competition: radio recording with Czech National Radio The Award from violin workshop Vladim\u00edr \u010cech [&hellip;]<\/p>\n","protected":false},"author":1,"featured_media":0,"parent":4,"menu_order":14,"comment_status":"closed","ping_status":"closed","template":"","meta":{"_acf_changed":false,"footnotes":""},"class_list":["post-61","page","type-page","status-publish","hentry"],"acf":[],"jetpack_sharing_enabled":true,"jetpack_shortlink":"https:\/\/wp.me\/P9KsEQ-Z","_links":{"self":[{"href":"https:\/\/www.kocianovo-usti.com\/en\/wp-json\/wp\/v2\/pages\/61","targetHints":{"allow":["GET"]}}],"collection":[{"href":"https:\/\/www.kocianovo-usti.com\/en\/wp-json\/wp\/v2\/pages"}],"about":[{"href":"https:\/\/www.kocianovo-usti.com\/en\/wp-json\/wp\/v2\/types\/page"}],"author":[{"embeddable":true,"href":"https:\/\/www.kocianovo-usti.com\/en\/wp-json\/wp\/v2\/users\/1"}],"replies":[{"embeddable":true,"href":"https:\/\/www.kocianovo-usti.com\/en\/wp-json\/wp\/v2\/comments?post=61"}],"version-history":[{"count":79,"href":"https:\/\/www.kocianovo-usti.com\/en\/wp-json\/wp\/v2\/pages\/61\/revisions"}],"predecessor-version":[{"id":7668,"href":"https:\/\/www.kocianovo-usti.com\/en\/wp-json\/wp\/v2\/pages\/61\/revisions\/7668"}],"up":[{"embeddable":true,"href":"https:\/\/www.kocianovo-usti.com\/en\/wp-json\/wp\/v2\/pages\/4"}],"wp:attachment":[{"href":"https:\/\/www.kocianovo-usti.com\/en\/wp-json\/wp\/v2\/media?parent=61"}],"curies":[{"name":"wp","href":"https:\/\/api.w.org\/{rel}","templated":true}]}}