{"id":6726,"date":"2024-09-03T14:56:24","date_gmt":"2024-09-03T12:56:24","guid":{"rendered":"https:\/\/www.kocianovo-usti.com\/?page_id=6726"},"modified":"2024-09-03T14:57:54","modified_gmt":"2024-09-03T12:57:54","slug":"statut-souteze","status":"publish","type":"page","link":"https:\/\/www.kocianovo-usti.com\/en\/soutez\/o-soutezi\/statut-souteze\/","title":{"rendered":"Statute"},"content":{"rendered":"<p><\/p>\n<p><strong>I. Introduction Provisions<\/strong><\/p>\n<ol>\n<li>Kocian Violin Competition hereinafter referred to as the Competion (or KVC) is an International Music Competition for Youth up to the age of sixteen. It is held every year in the town of \u00dast\u00ed nad Orlic\u00ed, where Jaroslav Kocian was born.<\/li>\n<li>KVC, with its jury, standard of competition performances and organizational background, meets the required criteria of international music competitions.<\/li>\n<\/ol>\n<p><strong>II. General Provisions<br \/>\n<\/strong><\/p>\n<ol>\n<li>The advertiser of the Competition is the town of \u00dast\u00ed nad Orlic\u00ed, represented by its Mayor and by the Town Council.<\/li>\n<li>Financial resources needed for the preparation and realisation of the Competition are concentrated in the Jaroslav Kocian Fund, the seat of which is in \u00dast\u00ed nad Orlic\u00ed.<\/li>\n<li>The organizer of the Competition is the Organization Committee, the members of which are the representatives of Klubcentrum, of Jaroslav Kocian Music School and other subjects. The Organization Committee is headed by its Directress, who is appointed at the first meeting of the Organization Committee for the relevant Competition.<\/li>\n<li>The collaboration of all subjects mentioned above follows legal norms.<\/li>\n<li>The Organization Committee as the organiser of the Competition releases the \u201cOrganization Rules\u201d defining the conditions and rules of the Competition and the \u201cJury Regulations\u201d, which regulates the work the jury.<\/li>\n<li>The Organization Committee appoints and dismisses the Chairman and the members of the Jury, appoints the members of the Secretariat and the Secretary of the Jury. The secretary of the jury has the following duties and rights: attends jury meetings, organizes the competition\u2019s proceedings, processes the competition results, verifies their accuracy, and informs the public about the outcomes.<\/li>\n<\/ol>\n<p><strong>III. Jury<\/strong><\/p>\n<ol>\n<li>The Jury shall be a body of outstanding artists and professionals and prominent personalities in musical and publicity branch. The Jury will be composed of seven members with international participation.<\/li>\n<li>The Chairman of the Jury will be appointed by the Organization Committee. Other jurors will be appointed by the Organization Committee after consulting the Chairman of the Jury. In the case of illness or any other case of absence of any members of the jury, a new juror must be appointed.<\/li>\n<li>The composition of the Jury must be published before the start of the Competition at the latest.<\/li>\n<li>Prior to the start of the Competition the Chairman and the members of the jury shall acquaint themselves with this Statute and with the Jury Regulations and are obliged to act in accordance with then.<\/li>\n<\/ol>\n<p><strong>IV. Concluding provisions\u00a0<\/strong><\/p>\n<ol>\n<li>This Statute has been set out in Czech and English. In the event of any disputes, the Czech version will be considered as authentic text.\u00a0 \u00a0<\/li>\n<\/ol>\n<p>&nbsp;<\/p>\n<p>\u00a0 \u00a0 \u00a0 In the name of the Organization Committee of the Kocian Violin Competition<\/p>\n<p>\u00a0 \u00a0 \u00a0 Lenka Lipensk\u00e1, competition directress<\/p>\n<p>&nbsp;<\/p>\n<p><\/p>","protected":false},"excerpt":{"rendered":"<p>I. Introduction Provisions Kocian Violin Competition hereinafter referred to as the Competion (or KVC) is an International Music Competition for Youth up to the age of sixteen. It is held every year in the town of \u00dast\u00ed nad Orlic\u00ed, where Jaroslav Kocian was born. KVC, with its jury, standard of competition performances and organizational background, [&hellip;]<\/p>\n","protected":false},"author":4,"featured_media":0,"parent":8,"menu_order":2,"comment_status":"closed","ping_status":"closed","template":"","meta":{"_acf_changed":false,"footnotes":""},"class_list":["post-6726","page","type-page","status-publish","hentry"],"acf":[],"jetpack_sharing_enabled":true,"jetpack_shortlink":"https:\/\/wp.me\/P9KsEQ-1Ku","_links":{"self":[{"href":"https:\/\/www.kocianovo-usti.com\/en\/wp-json\/wp\/v2\/pages\/6726","targetHints":{"allow":["GET"]}}],"collection":[{"href":"https:\/\/www.kocianovo-usti.com\/en\/wp-json\/wp\/v2\/pages"}],"about":[{"href":"https:\/\/www.kocianovo-usti.com\/en\/wp-json\/wp\/v2\/types\/page"}],"author":[{"embeddable":true,"href":"https:\/\/www.kocianovo-usti.com\/en\/wp-json\/wp\/v2\/users\/4"}],"replies":[{"embeddable":true,"href":"https:\/\/www.kocianovo-usti.com\/en\/wp-json\/wp\/v2\/comments?post=6726"}],"version-history":[{"count":1,"href":"https:\/\/www.kocianovo-usti.com\/en\/wp-json\/wp\/v2\/pages\/6726\/revisions"}],"predecessor-version":[{"id":6728,"href":"https:\/\/www.kocianovo-usti.com\/en\/wp-json\/wp\/v2\/pages\/6726\/revisions\/6728"}],"up":[{"embeddable":true,"href":"https:\/\/www.kocianovo-usti.com\/en\/wp-json\/wp\/v2\/pages\/8"}],"wp:attachment":[{"href":"https:\/\/www.kocianovo-usti.com\/en\/wp-json\/wp\/v2\/media?parent=6726"}],"curies":[{"name":"wp","href":"https:\/\/api.w.org\/{rel}","templated":true}]}}